{"id":87,"date":"2021-02-27T17:34:27","date_gmt":"2021-02-27T16:34:27","guid":{"rendered":"http:\/\/neu.stv-rethel.de\/?page_id=87"},"modified":"2021-02-27T17:35:35","modified_gmt":"2021-02-27T16:35:35","slug":"fitness","status":"publish","type":"page","link":"https:\/\/neu.stv-rethel.de\/index.php\/fitness\/","title":{"rendered":"Fitness"},"content":{"rendered":"<div id=\"pl-87\"  class=\"panel-layout\" ><div id=\"pg-87-0\"  class=\"panel-grid panel-no-style\" ><div id=\"pgc-87-0-0\"  class=\"panel-grid-cell\" ><div id=\"panel-87-0-0-0\" class=\"so-panel widget widget_text panel-first-child panel-last-child\" data-index=\"0\" >\t\t\t<div class=\"textwidget\"><p>Fitness &#8211; abwechslungsreich Ausdauer und Kraft steigern<\/p>\n<p>Du m\u00f6chtest Dich fit halten und mit immer neuen und abwechslungsreichen \u00dcbungen Deine Fitness steigern? Dann bist du bei unserem Fitness-Kurs genau richtig.<br \/>\nJeden Mittwochabend bringt uns unsere \u00dcbungsleiterin Silke Feierabend zum Schwitzen. Mit Hanteln, Gewichtmanschetten, Terra- oder Deuser-B\u00e4ndern bringt sie Deinen Kreislauf in Schwung und macht Deinen K\u00f6rper stark und fit. 90 Minuten mit verschiedenen \u00dcbungen f\u00fcr Ausdauer, Kraft und St\u00e4rke warten auf Dich &#8211; immer unterst\u00fctz von der passenden Musik, um Deine Motivation und den Spa\u00df-Faktor weiter zu steigern. Zum Ende jeden Kurses bringen wir Deinen Puls mit Entspannungs\u00fcbungen nach Jacobson dann wieder runter und sichern Dir einen angenehmen Ausklang.<\/p>\n<p>Schau Doch gerne einmal zu einer unverbindlichen Schnupperstunde vorbei.<\/p>\n<p>Wenn Du Fragen hast oder Dich zum Probetraining anmelden willst, melde Dich gerne direkt bei unsere \u00dcbungsleiterin<\/p>\n<\/div>\n\t\t<\/div><\/div><\/div><div id=\"pg-87-1\"  class=\"panel-grid panel-no-style\" ><div id=\"pgc-87-1-0\"  class=\"panel-grid-cell\" ><div id=\"panel-87-1-0-0\" class=\"so-panel widget widget_sow-editor panel-first-child panel-last-child\" data-index=\"1\" ><div class=\"so-widget-sow-editor so-widget-sow-editor-base\">\n<div class=\"siteorigin-widget-tinymce textwidget\">\n\t<p><a href=\"http:\/\/neu.stv-rethel.de\/wp-content\/uploads\/2021\/02\/K640_Silke3.jpg\"><img loading=\"lazy\" decoding=\"async\" class=\"alignnone wp-image-367 size-full\" title=\"Silke Feierabend\" src=\"https:\/\/www.stv-rethel.de\/wordpress\/wp-content\/uploads\/2015\/11\/K640_Silke3.jpg\" alt=\"\u00dcbungsleiterin Fitness Silke Feierabend\" width=\"480\" height=\"597\" \/><\/a><\/p>\n<p>&nbsp;<\/p>\n<\/div>\n<\/div><\/div><\/div><div id=\"pgc-87-1-1\"  class=\"panel-grid-cell\" ><div id=\"panel-87-1-1-0\" class=\"so-panel widget widget_text panel-first-child panel-last-child\" data-index=\"2\" >\t\t\t<div class=\"textwidget\"><p><b><span style=\"font-size: small;\">Silke Feierabend<\/span><\/b><span style=\"font-size: small;\">,<br \/>\nseit 20 Jahren Leiterin unterschiedlicher<br \/>\nSportgruppen <b><\/b><\/span><\/p>\n<p><b>Telefon:<\/b><br \/>\ntags\u00fcber: 02102 \/ 48 52 14<br \/>\nabends: 02102 \/ 3 64 61<br \/>\nemail: <a style=\"color: #000000;\" href=\"mailto:Sille@stv-rethel.de\">Sille@stv-rethel.de<\/a><\/p>\n<\/div>\n\t\t<\/div><\/div><div id=\"pgc-87-1-2\"  class=\"panel-grid-cell\" ><div id=\"panel-87-1-2-0\" class=\"so-panel widget widget_sow-editor panel-first-child panel-last-child\" data-index=\"3\" ><div class=\"so-widget-sow-editor so-widget-sow-editor-base\">\n<div class=\"siteorigin-widget-tinymce textwidget\">\n\t<p><b><span style=\"font-size: small;\">Mittwoch 18:00 bis 19:30 Uhr<\/span><\/b><span style=\"font-size: small;\">,<br \/>\nGymnastikraum in der gro\u00dfen Sporthalle<br \/>\nGraf-Recke-Str. 162<b><\/b><\/span><\/p>\n<p><iframe loading=\"lazy\" style=\"border: 0;\" src=\"https:\/\/www.google.com\/maps\/embed?pb=!1m18!1m12!1m3!1d2497.6017983706543!2d6.815769389417193!3d51.24482812735251!2m3!1f0!2f0!3f0!3m2!1i1024!2i768!4f13.1!3m3!1m2!1s0x47b8c970e90f0f2d%3A0x48421420d030b072!2sGraf-Recke-Stra%C3%9Fe%20162%2C%2040237%20D%C3%BCsseldorf!5e0!3m2!1sde!2sde!4v1614442328419!5m2!1sde!2sde\" width=\"450\" height=\"338\" allowfullscreen=\"allowfullscreen\"><\/iframe><\/p>\n<\/div>\n<\/div><\/div><\/div><\/div><\/div>","protected":false},"excerpt":{"rendered":"<p>Fitness &#8211; abwechslungsreich Ausdauer und Kraft steigern Du m\u00f6chtest Dich fit halten und mit immer neuen und abwechslungsreichen \u00dcbungen Deine Fitness steigern? Dann bist du bei unserem Fitness-Kurs genau richtig. Jeden Mittwochabend bringt uns unsere \u00dcbungsleiterin Silke Feierabend zum Schwitzen. Mit Hanteln, Gewichtmanschetten, Terra- oder Deuser-B\u00e4ndern bringt sie Deinen Kreislauf in Schwung und macht Deinen [&hellip;]<\/p>\n","protected":false},"author":1,"featured_media":0,"parent":0,"menu_order":0,"comment_status":"closed","ping_status":"closed","template":"","meta":{"footnotes":""},"class_list":["post-87","page","type-page","status-publish","hentry","post"],"_links":{"self":[{"href":"https:\/\/neu.stv-rethel.de\/index.php\/wp-json\/wp\/v2\/pages\/87","targetHints":{"allow":["GET"]}}],"collection":[{"href":"https:\/\/neu.stv-rethel.de\/index.php\/wp-json\/wp\/v2\/pages"}],"about":[{"href":"https:\/\/neu.stv-rethel.de\/index.php\/wp-json\/wp\/v2\/types\/page"}],"author":[{"embeddable":true,"href":"https:\/\/neu.stv-rethel.de\/index.php\/wp-json\/wp\/v2\/users\/1"}],"replies":[{"embeddable":true,"href":"https:\/\/neu.stv-rethel.de\/index.php\/wp-json\/wp\/v2\/comments?post=87"}],"version-history":[{"count":26,"href":"https:\/\/neu.stv-rethel.de\/index.php\/wp-json\/wp\/v2\/pages\/87\/revisions"}],"predecessor-version":[{"id":114,"href":"https:\/\/neu.stv-rethel.de\/index.php\/wp-json\/wp\/v2\/pages\/87\/revisions\/114"}],"wp:attachment":[{"href":"https:\/\/neu.stv-rethel.de\/index.php\/wp-json\/wp\/v2\/media?parent=87"}],"curies":[{"name":"wp","href":"https:\/\/api.w.org\/{rel}","templated":true}]}}